{"id":2284,"date":"2016-09-01T09:42:16","date_gmt":"2016-09-01T09:42:16","guid":{"rendered":"http:\/\/domainalbania.website\/gjirokastra\/gjirokastra\/?page_id=2284"},"modified":"2017-06-14T23:22:15","modified_gmt":"2017-06-14T23:22:15","slug":"dropull-region","status":"publish","type":"page","link":"https:\/\/gjirokastra.org\/gjirokastra\/?page_id=2284","title":{"rendered":"Dropull Region"},"content":{"rendered":"<p>All the villages inhabited by the Greek minority population are situated to the west of the National Road leading south to the Greek border at Kakavia.\u00a0 The road to the border is only 31 kilometres long and passes the well-known village of Lazarat, which hosts the 18th-century Tekke (lodge) of Father Zenel, a well-known Bektashi Dervish.<br \/>\nDriving south, on your right you will see the villages of Dervi\u00e7an, Goranxi, and Sofratik\u00eb, all perched, like Gjirokastra, on the side of the valley. Some other villages of the region are: Bullarat, Dhuvjan, Glin\u00eb, Jorgucat, Peshk\u00ebpi, Sotir\u00eb and Zervat.<\/p>\n<p>The recently restored 18th-century church, St Anna, is the main church in the village.\u00a0 Used as a warehouse in communist times, it is located above the modern settlement on a plateau of higher ground which was the site of the original 15th-century village.\u00a0 The Church of Burimi Jet\u00ebdh\u00ebn\u00ebs (Life-giving Spring), not far from the Church of St. Anna, was built in the same period. \u00a0Another important piece of the local architectural heritage is the 17th-century house of Zaharo Sterjo built entirely of stone using a special technique characterized by \u201ccovers\u201d laid out on top of one another, without mortar.\u00a0 It is related in style to the Gjirokastra dwelling houses.<\/p>","protected":false},"excerpt":{"rendered":"<p>All the villages inhabited by the Greek minority population are situated to the west of the National Road leading south to the Greek border at Kakavia.\u00a0 The road to the border is only 31 kilometres long and passes the well-known village of Lazarat, which hosts the 18th-century Tekke (lodge) of Father Zenel, a well-known Bektashi [&hellip;]<\/p>\n","protected":false},"author":1,"featured_media":0,"parent":0,"menu_order":0,"comment_status":"closed","ping_status":"closed","template":"","meta":[],"_links":{"self":[{"href":"https:\/\/gjirokastra.org\/gjirokastra\/index.php?rest_route=\/wp\/v2\/pages\/2284"}],"collection":[{"href":"https:\/\/gjirokastra.org\/gjirokastra\/index.php?rest_route=\/wp\/v2\/pages"}],"about":[{"href":"https:\/\/gjirokastra.org\/gjirokastra\/index.php?rest_route=\/wp\/v2\/types\/page"}],"author":[{"embeddable":true,"href":"https:\/\/gjirokastra.org\/gjirokastra\/index.php?rest_route=\/wp\/v2\/users\/1"}],"replies":[{"embeddable":true,"href":"https:\/\/gjirokastra.org\/gjirokastra\/index.php?rest_route=%2Fwp%2Fv2%2Fcomments&post=2284"}],"version-history":[{"count":0,"href":"https:\/\/gjirokastra.org\/gjirokastra\/index.php?rest_route=\/wp\/v2\/pages\/2284\/revisions"}],"wp:attachment":[{"href":"https:\/\/gjirokastra.org\/gjirokastra\/index.php?rest_route=%2Fwp%2Fv2%2Fmedia&parent=2284"}],"curies":[{"name":"wp","href":"https:\/\/api.w.org\/{rel}","templated":true}]}}