{"id":2271,"date":"2016-09-01T09:40:01","date_gmt":"2016-09-01T09:40:01","guid":{"rendered":"http:\/\/domainalbania.website\/gjirokastra\/gjirokastra\/?page_id=2271"},"modified":"2017-06-14T17:50:10","modified_gmt":"2017-06-14T17:50:10","slug":"permet","status":"publish","type":"page","link":"https:\/\/gjirokastra.org\/gjirokastra\/?page_id=2271","title":{"rendered":"P\u00ebrmet"},"content":{"rendered":"<p>[vc_row][vc_column][vc_column_text]P\u00ebrmet is considered the \u201cCity of Roses\u201d and it is located in the south of Albania, around 60 kilometres away from Gjirokastra.<\/p>\n<p>Take the road running north in the direction of Tepelen\u00eb and turn right (at the Lekli Bridge), just before reaching Tepelen\u00eb. The road takes you over the large Dragot Bridge across the river.\u00a0 It is worth stopping to enjoy the view of the Vjos\u00eb Valley, one of pearls of the Albanian landscape. \u00a0Dragot Bridge was built by the Italians before World War II. \u00a0The village of Dragot is located on the hillside well above the bridge. \u00a0To continue to P\u00ebrmet take the next right.\u00a0 Before reaching P\u00ebrmet you have to cross the Gorge of K\u00eblcyr\u00eb, a deep-running canyon with lush vegetation.<\/p>\n<p>Following the gorge is the town of K\u00eblcyr\u00eb, a small town with a rich history, and famous for its wine production and fruit processing. The ruined palace of the Beys of K\u00eblcyr\u00eb, who once ruled the province, overlooks the town.<\/p>\n<p>Once in P\u00ebrmet town you cannot fail to notice a gigantic rock rising up from the shores of the Vjos\u00eb River. Forty-eight meters high, it leaves the impression of being placed there on purpose, perhaps by the hand of a giant. \u00a0A stroll around the old quarter of the town is a rewarding experience as it is a lunch by the Vjos\u00eb River!\u00a0 P\u00ebrmet is well-known across Albania for its hospitality and excellent cooking.\u00a0 Other attractions are the 12th-century Church of St. Mary of Kosin\u00eb and 18th-century church of Leus\u00eb. \u00a0P\u00ebrmet counts fifteen other churches, and four mosques.<\/p>\n<p>For more info visit <a href=\"http:\/\/www.visitpermet.org\">http:\/\/www.visitpermet.org<\/a>[\/vc_column_text][vc_media_grid element_width=&#8221;3&#8243; grid_id=&#8221;vc_gid:1497462353742-f8aae755-d9d7-5&#8243; include=&#8221;2528,2529,2530&#8243;][\/vc_column][\/vc_row]<\/p>","protected":false},"excerpt":{"rendered":"<p>[vc_row][vc_column][vc_column_text]P\u00ebrmet is considered the \u201cCity of Roses\u201d and it is located in the south of Albania, around 60 kilometres away from Gjirokastra. Take the road running north in the direction of Tepelen\u00eb and turn right (at the Lekli Bridge), just before reaching Tepelen\u00eb. The road takes you over the large Dragot Bridge across the river.\u00a0 [&hellip;]<\/p>\n","protected":false},"author":1,"featured_media":0,"parent":0,"menu_order":0,"comment_status":"closed","ping_status":"closed","template":"","meta":[],"_links":{"self":[{"href":"https:\/\/gjirokastra.org\/gjirokastra\/index.php?rest_route=\/wp\/v2\/pages\/2271"}],"collection":[{"href":"https:\/\/gjirokastra.org\/gjirokastra\/index.php?rest_route=\/wp\/v2\/pages"}],"about":[{"href":"https:\/\/gjirokastra.org\/gjirokastra\/index.php?rest_route=\/wp\/v2\/types\/page"}],"author":[{"embeddable":true,"href":"https:\/\/gjirokastra.org\/gjirokastra\/index.php?rest_route=\/wp\/v2\/users\/1"}],"replies":[{"embeddable":true,"href":"https:\/\/gjirokastra.org\/gjirokastra\/index.php?rest_route=%2Fwp%2Fv2%2Fcomments&post=2271"}],"version-history":[{"count":0,"href":"https:\/\/gjirokastra.org\/gjirokastra\/index.php?rest_route=\/wp\/v2\/pages\/2271\/revisions"}],"wp:attachment":[{"href":"https:\/\/gjirokastra.org\/gjirokastra\/index.php?rest_route=%2Fwp%2Fv2%2Fmedia&parent=2271"}],"curies":[{"name":"wp","href":"https:\/\/api.w.org\/{rel}","templated":true}]}}